{"id":5988,"date":"2021-08-12T17:04:42","date_gmt":"2021-08-12T17:04:42","guid":{"rendered":"https:\/\/bistro-balance.de\/?page_id=5988"},"modified":"2021-09-07T09:47:35","modified_gmt":"2021-09-07T09:47:35","slug":"impressum","status":"publish","type":"page","link":"https:\/\/bistro-balance.de\/index.php\/impressum\/","title":{"rendered":"Impressum"},"content":{"rendered":"<p class=\"p1\"><b>Angaben gem\u00e4\u00df \u00a7 5 TMG<span class=\"Apple-converted-space\">\u00a0<\/span><\/b><\/p>\n<p class=\"p2\">Sieg Reha Physio-Sport GmbH<br \/>\nDickstra\u00dfe 59<br \/>\n53773 Hennef<span class=\"Apple-converted-space\">\u00a0<\/span><\/p>\n<p class=\"p2\">Handelsregister: HRB Sieg Physio-Sport GmbH: 6249 Registergericht: Amtsgericht Siegburg<span class=\"Apple-converted-space\">\u00a0<\/span><\/p>\n<p class=\"p2\"><b>Vertreten durch:<span class=\"Apple-converted-space\">\u00a0<\/span><\/b><\/p>\n<p class=\"p2\">Gesch\u00e4ftsf\u00fchrung: Michael K\u00f6pke<br \/>\nProkurist: Bernd Rademacher<span class=\"Apple-converted-space\">\u00a0<\/span><\/p>\n<p class=\"p2\"><span class=\"s2\"><b>Kontakt <\/b><\/span><span class=\"s3\"><br \/>\n<\/span>Telefon: 02242\/ 9 69 88 \u2013 0<br \/>\nTelefax: 022 42\/ 9 69 88 \u2013 27<br \/>\nE-Mail: info@siegreha.de<span class=\"Apple-converted-space\">\u00a0<\/span><\/p>\n<p class=\"p2\"><span class=\"s2\"><b>Umsatzsteuer-ID <\/b><\/span><span class=\"s3\"><br \/>\n<\/span>Umsatzsteuer-Identifikationsnummer gem\u00e4\u00df \u00a7 27 a Umsatzsteuergesetz: UST-ID-Nummer: 522052370056<\/p>\n<p class=\"p2\"><span class=\"s2\"><b>Redaktionell verantwortlich <\/b><\/span><span class=\"s3\"><br \/>\n<\/span>Dana Rondorf<span class=\"Apple-converted-space\">\u00a0<\/span><\/p>\n<p class=\"p1\"><b>EU-Streitschlichtung<span class=\"Apple-converted-space\">\u00a0<\/span><\/b><\/p>\n<p class=\"p2\">Die Europ\u00e4ische Kommission stellt eine Plattform zur Online-Streitbeilegung (OS) bereit: <a href=\"https:\/\/ec.europa.eu\/consumers\/odr\/.\"><span class=\"s4\">https:\/\/ec.europa.eu\/consumers\/odr\/<\/span>.<\/a><br \/>\nUnsere E-Mail-Adresse finden Sie oben im Impressum.<span class=\"Apple-converted-space\">\u00a0<\/span><\/p>\n<p class=\"p1\"><b>Verbraucherstreitbeilegung\/Universalschlichtungsstelle<span class=\"Apple-converted-space\">\u00a0<\/span><\/b><\/p>\n<p class=\"p2\">Wir sind nicht bereit oder verpflichtet, an Streitbeilegungsverfahren vor einer Verbraucherschlichtungsstelle teilzunehmen.<span class=\"Apple-converted-space\">\u00a0<\/span><\/p>\n","protected":false},"excerpt":{"rendered":"<p>Angaben gem\u00e4\u00df \u00a7 5 TMG\u00a0 Sieg Reha Physio-Sport GmbH Dickstra\u00dfe 59 53773 Hennef\u00a0 Handelsregister: HRB Sieg Physio-Sport GmbH: 6249 Registergericht: Amtsgericht Siegburg\u00a0 Vertreten durch:\u00a0 Gesch\u00e4ftsf\u00fchrung: Michael K\u00f6pke Prokurist: Bernd Rademacher\u00a0 Kontakt Telefon: 02242\/ 9 69 88 \u2013 0 Telefax: 022 42\/ 9 69 88 \u2013 27 E-Mail: info@siegreha.de\u00a0 Umsatzsteuer-ID Umsatzsteuer-Identifikationsnummer gem\u00e4\u00df \u00a7 27 a Umsatzsteuergesetz: &hellip; <a href=\"https:\/\/bistro-balance.de\/index.php\/impressum\/\" class=\"more-link\">Continue reading <span class=\"screen-reader-text\">Impressum<\/span><\/a><\/p>\n","protected":false},"author":1,"featured_media":0,"parent":0,"menu_order":0,"comment_status":"closed","ping_status":"closed","template":"","meta":{"footnotes":""},"class_list":["post-5988","page","type-page","status-publish","hentry"],"_links":{"self":[{"href":"https:\/\/bistro-balance.de\/index.php\/wp-json\/wp\/v2\/pages\/5988","targetHints":{"allow":["GET"]}}],"collection":[{"href":"https:\/\/bistro-balance.de\/index.php\/wp-json\/wp\/v2\/pages"}],"about":[{"href":"https:\/\/bistro-balance.de\/index.php\/wp-json\/wp\/v2\/types\/page"}],"author":[{"embeddable":true,"href":"https:\/\/bistro-balance.de\/index.php\/wp-json\/wp\/v2\/users\/1"}],"replies":[{"embeddable":true,"href":"https:\/\/bistro-balance.de\/index.php\/wp-json\/wp\/v2\/comments?post=5988"}],"version-history":[{"count":3,"href":"https:\/\/bistro-balance.de\/index.php\/wp-json\/wp\/v2\/pages\/5988\/revisions"}],"predecessor-version":[{"id":6017,"href":"https:\/\/bistro-balance.de\/index.php\/wp-json\/wp\/v2\/pages\/5988\/revisions\/6017"}],"wp:attachment":[{"href":"https:\/\/bistro-balance.de\/index.php\/wp-json\/wp\/v2\/media?parent=5988"}],"curies":[{"name":"wp","href":"https:\/\/api.w.org\/{rel}","templated":true}]}}